{"id":1647,"date":"2024-06-20T16:17:20","date_gmt":"2024-06-20T16:17:20","guid":{"rendered":"https:\/\/www.artecover.de\/?page_id=1647"},"modified":"2024-07-18T06:53:29","modified_gmt":"2024-07-18T06:53:29","slug":"legal-notice","status":"publish","type":"page","link":"https:\/\/www.artecover.de\/de\/legal-notice\/","title":{"rendered":"Legal Notice"},"content":{"rendered":"<div data-elementor-type=\"wp-page\" data-elementor-id=\"1647\" class=\"elementor elementor-1647\" data-elementor-post-type=\"page\">\n\t\t\t\t<div class=\"elementor-element elementor-element-83c7f81 e-con-full e-flex e-con e-parent\" data-id=\"83c7f81\" data-element_type=\"container\" data-e-type=\"container\" data-settings=\"{&quot;background_background&quot;:&quot;classic&quot;}\">\n\t\t<div class=\"elementor-element elementor-element-91a7c9a e-flex e-con-boxed e-con e-child\" data-id=\"91a7c9a\" data-element_type=\"container\" data-e-type=\"container\" data-settings=\"{&quot;background_background&quot;:&quot;classic&quot;}\">\n\t\t\t\t\t<div class=\"e-con-inner\">\n\t\t\t\t<div class=\"elementor-element elementor-element-dfeb6a7 elementor-widget elementor-widget-spacer\" data-id=\"dfeb6a7\" data-element_type=\"widget\" data-e-type=\"widget\" data-widget_type=\"spacer.default\">\n\t\t\t\t<div class=\"elementor-widget-container\">\n\t\t\t\t\t\t\t<div class=\"elementor-spacer\">\n\t\t\t<div class=\"elementor-spacer-inner\"><\/div>\n\t\t<\/div>\n\t\t\t\t\t\t<\/div>\n\t\t\t\t<\/div>\n\t\t\t\t<div class=\"elementor-element elementor-element-b9426a2 elementor-widget elementor-widget-heading\" data-id=\"b9426a2\" data-element_type=\"widget\" data-e-type=\"widget\" data-widget_type=\"heading.default\">\n\t\t\t\t<div class=\"elementor-widget-container\">\n\t\t\t\t\t<h1 class=\"elementor-heading-title elementor-size-default\">Impressum<\/h1>\t\t\t\t<\/div>\n\t\t\t\t<\/div>\n\t\t\t\t<div class=\"elementor-element elementor-element-2ce7f31 elementor-widget elementor-widget-spacer\" data-id=\"2ce7f31\" data-element_type=\"widget\" data-e-type=\"widget\" data-widget_type=\"spacer.default\">\n\t\t\t\t<div class=\"elementor-widget-container\">\n\t\t\t\t\t\t\t<div class=\"elementor-spacer\">\n\t\t\t<div class=\"elementor-spacer-inner\"><\/div>\n\t\t<\/div>\n\t\t\t\t\t\t<\/div>\n\t\t\t\t<\/div>\n\t\t\t\t\t<\/div>\n\t\t\t\t<\/div>\n\t\t\t\t<\/div>\n\t\t<div class=\"elementor-element elementor-element-5015dcc e-con-full e-flex e-con e-parent\" data-id=\"5015dcc\" data-element_type=\"container\" data-e-type=\"container\" data-settings=\"{&quot;background_background&quot;:&quot;classic&quot;}\" data-no-translation=\"\">\n\t\t<div class=\"elementor-element elementor-element-db5c2c6 e-flex e-con-boxed e-con e-child\" data-id=\"db5c2c6\" data-element_type=\"container\" data-e-type=\"container\" data-settings=\"{&quot;background_background&quot;:&quot;classic&quot;}\">\n\t\t\t\t\t<div class=\"e-con-inner\">\n\t\t\t\t<div class=\"elementor-element elementor-element-a3adbe9 elementor-widget__width-inherit elementor-widget elementor-widget-text-editor\" data-id=\"a3adbe9\" data-element_type=\"widget\" data-e-type=\"widget\" data-widget_type=\"text-editor.default\">\n\t\t\t\t<div class=\"elementor-widget-container\">\n\t\t\t\t\t\t\t\t\t<p>m&amp;r Manufaktur GmbH<br \/>Kossmannstra\u00dfe 27<br \/>66119 Saarbr\u00fccken<\/p><p>Tel <a href=\"http:\/\/+49 681 94 553 1\" data-wplink-url-error=\"true\">+49 681 94 553 1<\/a><br \/>E-Mail: <a href=\"mailto:manufaktur@mkw.eu\">manufaktur@mkw.eu<\/a><br \/>Web: <a href=\"http:\/\/www.mrmanufaktur.de\" target=\"_blank\" rel=\"noopener\">www.mrmanufaktur.de<\/a><\/p><p>Betriebsst\u00e4tte<br \/>Pleurtuit-Str. 12-14<br \/>56235 Ransbach-Baumbach<\/p><p>Tel <a href=\"tel:+49 2623 929 55 0\">+49 2623 929 55 0<\/a><br \/>Fax <a href=\"fax:+49 2623 929 55 0\">+49 2623 929 55 29<\/a><br \/>E-Mail: <a href=\"mailto:manufaktur@mkw.eu\">manufaktur@mkw.eu<\/a><br \/>Web: <a href=\"http:\/\/www.mrmanufaktur.de\" target=\"_blank\" rel=\"noopener\">www.mrmanufaktur.de<\/a><\/p><p>Sitz der Gesellschaft: Saarbr\u00fccken<br \/>Registergericht: Amtsgericht Saarbr\u00fccken<br \/>Registernummer: HRB 100 028<br \/>USt-IdNr.: DE 281 019 762<\/p><p>Pers\u00f6nlich haftende Gesellschafterin (vertretungsberechtigte Gesellschafterin):<br \/>m&amp;r Manufaktur GmbH<\/p><p>Gesch\u00e4ftsf\u00fchrer: Michael Zimmer<br \/>Prokura: Silvie Guardiola<\/p>\t\t\t\t\t\t\t\t<\/div>\n\t\t\t\t<\/div>\n\t\t\t\t<div class=\"elementor-element elementor-element-29a2c4f elementor-widget elementor-widget-spacer\" data-id=\"29a2c4f\" data-element_type=\"widget\" data-e-type=\"widget\" data-widget_type=\"spacer.default\">\n\t\t\t\t<div class=\"elementor-widget-container\">\n\t\t\t\t\t\t\t<div class=\"elementor-spacer\">\n\t\t\t<div class=\"elementor-spacer-inner\"><\/div>\n\t\t<\/div>\n\t\t\t\t\t\t<\/div>\n\t\t\t\t<\/div>\n\t\t\t\t<div class=\"elementor-element elementor-element-8e75cbc elementor-widget elementor-widget-heading\" data-id=\"8e75cbc\" data-element_type=\"widget\" data-e-type=\"widget\" data-widget_type=\"heading.default\">\n\t\t\t\t<div class=\"elementor-widget-container\">\n\t\t\t\t\t<h2 class=\"elementor-heading-title elementor-size-default\">Dieses Impressum gilt auch f\u00fcr die folgenden Social-Media-Profile:<\/h2>\t\t\t\t<\/div>\n\t\t\t\t<\/div>\n\t\t\t\t<div class=\"elementor-element elementor-element-0872de3 elementor-widget elementor-widget-spacer\" data-id=\"0872de3\" data-element_type=\"widget\" data-e-type=\"widget\" data-widget_type=\"spacer.default\">\n\t\t\t\t<div class=\"elementor-widget-container\">\n\t\t\t\t\t\t\t<div class=\"elementor-spacer\">\n\t\t\t<div class=\"elementor-spacer-inner\"><\/div>\n\t\t<\/div>\n\t\t\t\t\t\t<\/div>\n\t\t\t\t<\/div>\n\t\t\t\t<div class=\"elementor-element elementor-element-978d602 elementor-widget__width-inherit elementor-widget elementor-widget-text-editor\" data-id=\"978d602\" data-element_type=\"widget\" data-e-type=\"widget\" data-widget_type=\"text-editor.default\">\n\t\t\t\t<div class=\"elementor-widget-container\">\n\t\t\t\t\t\t\t\t\t<p>Facebook: <a href=\"https:\/\/www.facebook.com\/Die-Architekturmaterialisten-1923140731044408\" target=\"_blank\" rel=\"noopener\">https:\/\/www.facebook.com\/Die-Architekturmaterialisten-1923140731044408<\/a><br \/>Instagram: <a href=\"https:\/\/www.instagram.com\/mrmanufaktur\" target=\"_blank\" rel=\"noopener\">https:\/\/www.instagram.com\/mrmanufaktur<\/a><br \/>Linkedin: <a href=\"https:\/\/www.linkedin.com\/company\/mrmanufaktur\/?originalSubdomain=de\" target=\"_blank\" rel=\"noopener\">https:\/\/www.linkedin.com\/company\/mrmanufaktur\/?originalSubdomain=de<\/a><\/p>\t\t\t\t\t\t\t\t<\/div>\n\t\t\t\t<\/div>\n\t\t\t\t<div class=\"elementor-element elementor-element-f19225b elementor-widget elementor-widget-spacer\" data-id=\"f19225b\" data-element_type=\"widget\" data-e-type=\"widget\" data-widget_type=\"spacer.default\">\n\t\t\t\t<div class=\"elementor-widget-container\">\n\t\t\t\t\t\t\t<div class=\"elementor-spacer\">\n\t\t\t<div class=\"elementor-spacer-inner\"><\/div>\n\t\t<\/div>\n\t\t\t\t\t\t<\/div>\n\t\t\t\t<\/div>\n\t\t\t\t<div class=\"elementor-element elementor-element-3f733ba elementor-widget-mobile__width-initial elementor-widget elementor-widget-heading\" data-id=\"3f733ba\" data-element_type=\"widget\" data-e-type=\"widget\" data-widget_type=\"heading.default\">\n\t\t\t\t<div class=\"elementor-widget-container\">\n\t\t\t\t\t<h2 class=\"elementor-heading-title elementor-size-default\">Konzeption und Umsetzung m&amp;r kreativ gmbh<\/h2>\t\t\t\t<\/div>\n\t\t\t\t<\/div>\n\t\t\t\t<div class=\"elementor-element elementor-element-a7a10ea elementor-widget elementor-widget-spacer\" data-id=\"a7a10ea\" data-element_type=\"widget\" data-e-type=\"widget\" data-widget_type=\"spacer.default\">\n\t\t\t\t<div class=\"elementor-widget-container\">\n\t\t\t\t\t\t\t<div class=\"elementor-spacer\">\n\t\t\t<div class=\"elementor-spacer-inner\"><\/div>\n\t\t<\/div>\n\t\t\t\t\t\t<\/div>\n\t\t\t\t<\/div>\n\t\t\t\t<div class=\"elementor-element elementor-element-fde0a37 elementor-widget elementor-widget-heading\" data-id=\"fde0a37\" data-element_type=\"widget\" data-e-type=\"widget\" data-widget_type=\"heading.default\">\n\t\t\t\t<div class=\"elementor-widget-container\">\n\t\t\t\t\t<h2 class=\"elementor-heading-title elementor-size-default\">Urheberrecht und Bildnachweise:<\/h2>\t\t\t\t<\/div>\n\t\t\t\t<\/div>\n\t\t\t\t<div class=\"elementor-element elementor-element-0259710 elementor-widget elementor-widget-spacer\" data-id=\"0259710\" data-element_type=\"widget\" data-e-type=\"widget\" data-widget_type=\"spacer.default\">\n\t\t\t\t<div class=\"elementor-widget-container\">\n\t\t\t\t\t\t\t<div class=\"elementor-spacer\">\n\t\t\t<div class=\"elementor-spacer-inner\"><\/div>\n\t\t<\/div>\n\t\t\t\t\t\t<\/div>\n\t\t\t\t<\/div>\n\t\t\t\t<div class=\"elementor-element elementor-element-419d50a elementor-widget__width-inherit elementor-widget elementor-widget-text-editor\" data-id=\"419d50a\" data-element_type=\"widget\" data-e-type=\"widget\" data-widget_type=\"text-editor.default\">\n\t\t\t\t<div class=\"elementor-widget-container\">\n\t\t\t\t\t\t\t\t\t<p>Die Inhalte von artecover.de sind \u2013 soweit nicht abweichend angegeben \u2013 urheberrechtlich gesch\u00fctzt. Verwendete Fotografien sind ggf. mit Bildnachweisen gekennzeichnet oder unten aufgef\u00fchrt, soweit sie nicht selbst angefertigt wurden. Die Verwendung von Fotografien auf Drittseiten ist nur im Rahmen der jeweiligen Lizenz der Urheber m\u00f6glich.<\/p>\t\t\t\t\t\t\t\t<\/div>\n\t\t\t\t<\/div>\n\t\t\t\t<div class=\"elementor-element elementor-element-c36691d elementor-widget elementor-widget-spacer\" data-id=\"c36691d\" data-element_type=\"widget\" data-e-type=\"widget\" data-widget_type=\"spacer.default\">\n\t\t\t\t<div class=\"elementor-widget-container\">\n\t\t\t\t\t\t\t<div class=\"elementor-spacer\">\n\t\t\t<div class=\"elementor-spacer-inner\"><\/div>\n\t\t<\/div>\n\t\t\t\t\t\t<\/div>\n\t\t\t\t<\/div>\n\t\t\t\t<div class=\"elementor-element elementor-element-d352334 elementor-widget elementor-widget-heading\" data-id=\"d352334\" data-element_type=\"widget\" data-e-type=\"widget\" data-widget_type=\"heading.default\">\n\t\t\t\t<div class=\"elementor-widget-container\">\n\t\t\t\t\t<h2 class=\"elementor-heading-title elementor-size-default\">Bild- und Videonachweise<\/h2>\t\t\t\t<\/div>\n\t\t\t\t<\/div>\n\t\t\t\t<div class=\"elementor-element elementor-element-dca1119 elementor-widget elementor-widget-spacer\" data-id=\"dca1119\" data-element_type=\"widget\" data-e-type=\"widget\" data-widget_type=\"spacer.default\">\n\t\t\t\t<div class=\"elementor-widget-container\">\n\t\t\t\t\t\t\t<div class=\"elementor-spacer\">\n\t\t\t<div class=\"elementor-spacer-inner\"><\/div>\n\t\t<\/div>\n\t\t\t\t\t\t<\/div>\n\t\t\t\t<\/div>\n\t\t\t\t<div class=\"elementor-element elementor-element-a15d8ea elementor-widget__width-inherit elementor-widget elementor-widget-text-editor\" data-id=\"a15d8ea\" data-element_type=\"widget\" data-e-type=\"widget\" data-widget_type=\"text-editor.default\">\n\t\t\t\t<div class=\"elementor-widget-container\">\n\t\t\t\t\t\t\t\t\t<p>\u00a9 m&amp;r Studios<\/p>\t\t\t\t\t\t\t\t<\/div>\n\t\t\t\t<\/div>\n\t\t\t\t<div class=\"elementor-element elementor-element-a33f0cf elementor-widget elementor-widget-spacer\" data-id=\"a33f0cf\" data-element_type=\"widget\" data-e-type=\"widget\" data-widget_type=\"spacer.default\">\n\t\t\t\t<div class=\"elementor-widget-container\">\n\t\t\t\t\t\t\t<div class=\"elementor-spacer\">\n\t\t\t<div class=\"elementor-spacer-inner\"><\/div>\n\t\t<\/div>\n\t\t\t\t\t\t<\/div>\n\t\t\t\t<\/div>\n\t\t\t\t<div class=\"elementor-element elementor-element-850f7fa elementor-widget elementor-widget-heading\" data-id=\"850f7fa\" data-element_type=\"widget\" data-e-type=\"widget\" data-widget_type=\"heading.default\">\n\t\t\t\t<div class=\"elementor-widget-container\">\n\t\t\t\t\t<h2 class=\"elementor-heading-title elementor-size-default\">Haftung f\u00fcr Inhalte:<\/h2>\t\t\t\t<\/div>\n\t\t\t\t<\/div>\n\t\t\t\t<div class=\"elementor-element elementor-element-628edcb elementor-widget elementor-widget-spacer\" data-id=\"628edcb\" data-element_type=\"widget\" data-e-type=\"widget\" data-widget_type=\"spacer.default\">\n\t\t\t\t<div class=\"elementor-widget-container\">\n\t\t\t\t\t\t\t<div class=\"elementor-spacer\">\n\t\t\t<div class=\"elementor-spacer-inner\"><\/div>\n\t\t<\/div>\n\t\t\t\t\t\t<\/div>\n\t\t\t\t<\/div>\n\t\t\t\t<div class=\"elementor-element elementor-element-c5b59ee elementor-widget__width-inherit elementor-widget elementor-widget-text-editor\" data-id=\"c5b59ee\" data-element_type=\"widget\" data-e-type=\"widget\" data-widget_type=\"text-editor.default\">\n\t\t\t\t<div class=\"elementor-widget-container\">\n\t\t\t\t\t\t\t\t\tAls Diensteanbieter sind wir gem\u00e4\u00df \u00a7 7 Abs.1 TMG f\u00fcr eigene Inhalte auf diesen Seiten nach den allgemeinen Gesetzen verantwortlich. Nach \u00a7 8 bis \u00a710 TMG sind wir als Dienstleister jedoch nicht verpflichtet, \u00fcbermittelte oder gespeicherte fremde Informationen zu \u00fcber&shy;wachen oder nach Umst\u00e4nden zu forschen, die auf eine rechtswidrige T\u00e4tigkeit hinweisen. Verpflichtungen zur Entfernung oder Sperrung der Nutzung von Informa&shy;tionen nach den allgemeinen Gesetzen bleiben hiervon unber\u00fchrt. Eine diesbez\u00fcgliche Haftung ist jedoch erst ab dem Zeitpunkt der Kenntnis einer konkreten Rechtsverletzung m\u00f6glich. Bei Bekannt&shy;werden von entsprechenden Rechts&shy;verletzungen werden wir diese Inhalte umgehend entfernen.\t\t\t\t\t\t\t\t<\/div>\n\t\t\t\t<\/div>\n\t\t\t\t<div class=\"elementor-element elementor-element-036fc60 elementor-widget elementor-widget-spacer\" data-id=\"036fc60\" data-element_type=\"widget\" data-e-type=\"widget\" data-widget_type=\"spacer.default\">\n\t\t\t\t<div class=\"elementor-widget-container\">\n\t\t\t\t\t\t\t<div class=\"elementor-spacer\">\n\t\t\t<div class=\"elementor-spacer-inner\"><\/div>\n\t\t<\/div>\n\t\t\t\t\t\t<\/div>\n\t\t\t\t<\/div>\n\t\t\t\t<div class=\"elementor-element elementor-element-d09b919 elementor-widget elementor-widget-heading\" data-id=\"d09b919\" data-element_type=\"widget\" data-e-type=\"widget\" data-widget_type=\"heading.default\">\n\t\t\t\t<div class=\"elementor-widget-container\">\n\t\t\t\t\t<h2 class=\"elementor-heading-title elementor-size-default\">Haftung f\u00fcr Links:<\/h2>\t\t\t\t<\/div>\n\t\t\t\t<\/div>\n\t\t\t\t<div class=\"elementor-element elementor-element-d394826 elementor-widget elementor-widget-spacer\" data-id=\"d394826\" data-element_type=\"widget\" data-e-type=\"widget\" data-widget_type=\"spacer.default\">\n\t\t\t\t<div class=\"elementor-widget-container\">\n\t\t\t\t\t\t\t<div class=\"elementor-spacer\">\n\t\t\t<div class=\"elementor-spacer-inner\"><\/div>\n\t\t<\/div>\n\t\t\t\t\t\t<\/div>\n\t\t\t\t<\/div>\n\t\t\t\t<div class=\"elementor-element elementor-element-ccd0c70 elementor-widget__width-inherit elementor-widget elementor-widget-text-editor\" data-id=\"ccd0c70\" data-element_type=\"widget\" data-e-type=\"widget\" data-widget_type=\"text-editor.default\">\n\t\t\t\t<div class=\"elementor-widget-container\">\n\t\t\t\t\t\t\t\t\tUnser Angebot enth\u00e4lt Links zu externen Webseiten Dritter, auf deren Inhalte wir keinen Einfluss haben. Deshalb k\u00f6nnen wir f\u00fcr diese fremden Inhalte auch keine Gew\u00e4hr \u00fcbernehmen. F\u00fcr die Inhalte der verlinkten Seiten ist stets der jeweilige Anbieter oder Betreiber der Seiten verantwortlich. Die verlinkten Seiten wurden zum Zeitpunkt der Verlinkung auf m\u00f6gliche Rechtsverst\u00f6\u00dfe \u00fcberpr\u00fcft. Rechtswidrige Inhalte waren zum Zeitpunkt der Verlinkung nicht erkennbar. Eine permanente inhaltliche Kontrolle der verlinkten Seiten ist jedoch ohne konkrete Anhalts&shy;punkte einer Rechtsverletzung nicht zumutbar. Bei Bekanntwerden von Rechtsverletzungen werden wir derartige Links umgehend entfernen.\t\t\t\t\t\t\t\t<\/div>\n\t\t\t\t<\/div>\n\t\t\t\t\t<\/div>\n\t\t\t\t<\/div>\n\t\t\t\t<\/div>\n\t\t\t\t<\/div>","protected":false},"excerpt":{"rendered":"<p>Legal notice m&amp;r Manufaktur GmbHKossmannstra\u00dfe 2766119 Saarbr\u00fccken Tel +49 681 94 553 1E-mail: manufaktur@mkw.euWeb: www.mrmanufaktur.de PremisesPleurtuit-Str. 12-1456235 Ransbach-Baumbach Tel +49 2623 929 55\u00a0 0Fax +49 2623 929 55 29E-mail: manufaktur@mkw.euWeb: www.mrmanufaktur.de Registered office of the company: Saarbr\u00fcckenRegister court: Local court Saarbr\u00fcckenRegister number: HRB 100 028VAT ID No.: DE 281 019 762 Personally liable partner (partner [&hellip;]<\/p>\n","protected":false},"author":1,"featured_media":755,"parent":0,"menu_order":0,"comment_status":"closed","ping_status":"closed","template":"elementor_header_footer","meta":{"inline_featured_image":false,"footnotes":""},"class_list":["post-1647","page","type-page","status-publish","has-post-thumbnail","hentry"],"yoast_head":"<!-- This site is optimized with the Yoast SEO plugin v27.4 - https:\/\/yoast.com\/product\/yoast-seo-wordpress\/ -->\n<title>artecover \u2013 Legal notice<\/title>\n<meta name=\"description\" content=\"artecover plates for fine dining \u2013 legal notice \u2013 information according to \u00a7 5 Telemediengesetz (TMG) \u00a7 55 RSTV\" \/>\n<meta name=\"robots\" content=\"index, follow, max-snippet:-1, max-image-preview:large, max-video-preview:-1\" \/>\n<link rel=\"canonical\" href=\"https:\/\/www.artecover.de\/de\/legal-notice\/\" \/>\n<meta property=\"og:locale\" content=\"de_DE\" \/>\n<meta property=\"og:type\" content=\"article\" \/>\n<meta property=\"og:title\" content=\"artecover \u2013 Legal notice\" \/>\n<meta property=\"og:description\" content=\"artecover plates for fine dining \u2013 legal notice \u2013 information according to \u00a7 5 Telemediengesetz (TMG) \u00a7 55 RSTV\" \/>\n<meta property=\"og:url\" content=\"https:\/\/www.artecover.de\/de\/legal-notice\/\" \/>\n<meta property=\"og:site_name\" content=\"artecover\" \/>\n<meta property=\"article:modified_time\" content=\"2024-07-18T06:53:29+00:00\" \/>\n<meta property=\"og:image\" content=\"https:\/\/www.artecover.de\/wp-content\/uploads\/2024\/05\/artecover-esplanade-dining-plate-10037.jpg\" \/>\n\t<meta property=\"og:image:width\" content=\"2500\" \/>\n\t<meta property=\"og:image:height\" content=\"1667\" \/>\n\t<meta property=\"og:image:type\" content=\"image\/jpeg\" \/>\n<meta name=\"twitter:card\" content=\"summary_large_image\" \/>\n<meta name=\"twitter:label1\" content=\"Gesch\u00e4tzte Lesezeit\" \/>\n\t<meta name=\"twitter:data1\" content=\"4\u00a0Minuten\" \/>\n<script type=\"application\/ld+json\" class=\"yoast-schema-graph\">{\"@context\":\"https:\\\/\\\/schema.org\",\"@graph\":[{\"@type\":\"WebPage\",\"@id\":\"https:\\\/\\\/www.artecover.de\\\/legal-notice\\\/\",\"url\":\"https:\\\/\\\/www.artecover.de\\\/legal-notice\\\/\",\"name\":\"artecover \u2013 Legal notice\",\"isPartOf\":{\"@id\":\"https:\\\/\\\/www.artecover.de\\\/#website\"},\"primaryImageOfPage\":{\"@id\":\"https:\\\/\\\/www.artecover.de\\\/legal-notice\\\/#primaryimage\"},\"image\":{\"@id\":\"https:\\\/\\\/www.artecover.de\\\/legal-notice\\\/#primaryimage\"},\"thumbnailUrl\":\"https:\\\/\\\/www.artecover.de\\\/wp-content\\\/uploads\\\/2024\\\/05\\\/artecover-esplanade-dining-plate-10037.jpg\",\"datePublished\":\"2024-06-20T16:17:20+00:00\",\"dateModified\":\"2024-07-18T06:53:29+00:00\",\"description\":\"artecover plates for fine dining \u2013 legal notice \u2013 information according to \u00a7 5 Telemediengesetz (TMG) \u00a7 55 RSTV\",\"breadcrumb\":{\"@id\":\"https:\\\/\\\/www.artecover.de\\\/legal-notice\\\/#breadcrumb\"},\"inLanguage\":\"de\",\"potentialAction\":[{\"@type\":\"ReadAction\",\"target\":[\"https:\\\/\\\/www.artecover.de\\\/legal-notice\\\/\"]}]},{\"@type\":\"ImageObject\",\"inLanguage\":\"de\",\"@id\":\"https:\\\/\\\/www.artecover.de\\\/legal-notice\\\/#primaryimage\",\"url\":\"https:\\\/\\\/www.artecover.de\\\/wp-content\\\/uploads\\\/2024\\\/05\\\/artecover-esplanade-dining-plate-10037.jpg\",\"contentUrl\":\"https:\\\/\\\/www.artecover.de\\\/wp-content\\\/uploads\\\/2024\\\/05\\\/artecover-esplanade-dining-plate-10037.jpg\",\"width\":2500,\"height\":1667},{\"@type\":\"BreadcrumbList\",\"@id\":\"https:\\\/\\\/www.artecover.de\\\/legal-notice\\\/#breadcrumb\",\"itemListElement\":[{\"@type\":\"ListItem\",\"position\":1,\"name\":\"Startseite\",\"item\":\"https:\\\/\\\/www.artecover.de\\\/\"},{\"@type\":\"ListItem\",\"position\":2,\"name\":\"Legal Notice\"}]},{\"@type\":\"WebSite\",\"@id\":\"https:\\\/\\\/www.artecover.de\\\/#website\",\"url\":\"https:\\\/\\\/www.artecover.de\\\/\",\"name\":\"artecover\",\"description\":\"dining ceramics\",\"publisher\":{\"@id\":\"https:\\\/\\\/www.artecover.de\\\/#organization\"},\"potentialAction\":[{\"@type\":\"SearchAction\",\"target\":{\"@type\":\"EntryPoint\",\"urlTemplate\":\"https:\\\/\\\/www.artecover.de\\\/?s={search_term_string}\"},\"query-input\":{\"@type\":\"PropertyValueSpecification\",\"valueRequired\":true,\"valueName\":\"search_term_string\"}}],\"inLanguage\":\"de\"},{\"@type\":\"Organization\",\"@id\":\"https:\\\/\\\/www.artecover.de\\\/#organization\",\"name\":\"artecover\",\"url\":\"https:\\\/\\\/www.artecover.de\\\/\",\"logo\":{\"@type\":\"ImageObject\",\"inLanguage\":\"de\",\"@id\":\"https:\\\/\\\/www.artecover.de\\\/#\\\/schema\\\/logo\\\/image\\\/\",\"url\":\"https:\\\/\\\/www.artecover.de\\\/wp-content\\\/uploads\\\/2024\\\/03\\\/artecover-dining-ceramics-logo-rgb-white.svg\",\"contentUrl\":\"https:\\\/\\\/www.artecover.de\\\/wp-content\\\/uploads\\\/2024\\\/03\\\/artecover-dining-ceramics-logo-rgb-white.svg\",\"width\":503,\"height\":232,\"caption\":\"artecover\"},\"image\":{\"@id\":\"https:\\\/\\\/www.artecover.de\\\/#\\\/schema\\\/logo\\\/image\\\/\"}}]}<\/script>\n<!-- \/ Yoast SEO plugin. -->","yoast_head_json":{"title":"artecover \u2013 Legal notice","description":"artecover plates for fine dining \u2013 legal notice \u2013 information according to \u00a7 5 Telemediengesetz (TMG) \u00a7 55 RSTV","robots":{"index":"index","follow":"follow","max-snippet":"max-snippet:-1","max-image-preview":"max-image-preview:large","max-video-preview":"max-video-preview:-1"},"canonical":"https:\/\/www.artecover.de\/de\/legal-notice\/","og_locale":"de_DE","og_type":"article","og_title":"artecover \u2013 Legal notice","og_description":"artecover plates for fine dining \u2013 legal notice \u2013 information according to \u00a7 5 Telemediengesetz (TMG) \u00a7 55 RSTV","og_url":"https:\/\/www.artecover.de\/de\/legal-notice\/","og_site_name":"artecover","article_modified_time":"2024-07-18T06:53:29+00:00","og_image":[{"width":2500,"height":1667,"url":"https:\/\/www.artecover.de\/wp-content\/uploads\/2024\/05\/artecover-esplanade-dining-plate-10037.jpg","type":"image\/jpeg"}],"twitter_card":"summary_large_image","twitter_misc":{"Gesch\u00e4tzte Lesezeit":"4\u00a0Minuten"},"schema":{"@context":"https:\/\/schema.org","@graph":[{"@type":"WebPage","@id":"https:\/\/www.artecover.de\/legal-notice\/","url":"https:\/\/www.artecover.de\/legal-notice\/","name":"artecover \u2013 Legal notice","isPartOf":{"@id":"https:\/\/www.artecover.de\/#website"},"primaryImageOfPage":{"@id":"https:\/\/www.artecover.de\/legal-notice\/#primaryimage"},"image":{"@id":"https:\/\/www.artecover.de\/legal-notice\/#primaryimage"},"thumbnailUrl":"https:\/\/www.artecover.de\/wp-content\/uploads\/2024\/05\/artecover-esplanade-dining-plate-10037.jpg","datePublished":"2024-06-20T16:17:20+00:00","dateModified":"2024-07-18T06:53:29+00:00","description":"artecover plates for fine dining \u2013 legal notice \u2013 information according to \u00a7 5 Telemediengesetz (TMG) \u00a7 55 RSTV","breadcrumb":{"@id":"https:\/\/www.artecover.de\/legal-notice\/#breadcrumb"},"inLanguage":"de","potentialAction":[{"@type":"ReadAction","target":["https:\/\/www.artecover.de\/legal-notice\/"]}]},{"@type":"ImageObject","inLanguage":"de","@id":"https:\/\/www.artecover.de\/legal-notice\/#primaryimage","url":"https:\/\/www.artecover.de\/wp-content\/uploads\/2024\/05\/artecover-esplanade-dining-plate-10037.jpg","contentUrl":"https:\/\/www.artecover.de\/wp-content\/uploads\/2024\/05\/artecover-esplanade-dining-plate-10037.jpg","width":2500,"height":1667},{"@type":"BreadcrumbList","@id":"https:\/\/www.artecover.de\/legal-notice\/#breadcrumb","itemListElement":[{"@type":"ListItem","position":1,"name":"Startseite","item":"https:\/\/www.artecover.de\/"},{"@type":"ListItem","position":2,"name":"Legal Notice"}]},{"@type":"WebSite","@id":"https:\/\/www.artecover.de\/#website","url":"https:\/\/www.artecover.de\/","name":"artecover","description":"dining ceramics","publisher":{"@id":"https:\/\/www.artecover.de\/#organization"},"potentialAction":[{"@type":"SearchAction","target":{"@type":"EntryPoint","urlTemplate":"https:\/\/www.artecover.de\/?s={search_term_string}"},"query-input":{"@type":"PropertyValueSpecification","valueRequired":true,"valueName":"search_term_string"}}],"inLanguage":"de"},{"@type":"Organization","@id":"https:\/\/www.artecover.de\/#organization","name":"artecover","url":"https:\/\/www.artecover.de\/","logo":{"@type":"ImageObject","inLanguage":"de","@id":"https:\/\/www.artecover.de\/#\/schema\/logo\/image\/","url":"https:\/\/www.artecover.de\/wp-content\/uploads\/2024\/03\/artecover-dining-ceramics-logo-rgb-white.svg","contentUrl":"https:\/\/www.artecover.de\/wp-content\/uploads\/2024\/03\/artecover-dining-ceramics-logo-rgb-white.svg","width":503,"height":232,"caption":"artecover"},"image":{"@id":"https:\/\/www.artecover.de\/#\/schema\/logo\/image\/"}}]}},"_links":{"self":[{"href":"https:\/\/www.artecover.de\/de\/wp-json\/wp\/v2\/pages\/1647","targetHints":{"allow":["GET"]}}],"collection":[{"href":"https:\/\/www.artecover.de\/de\/wp-json\/wp\/v2\/pages"}],"about":[{"href":"https:\/\/www.artecover.de\/de\/wp-json\/wp\/v2\/types\/page"}],"author":[{"embeddable":true,"href":"https:\/\/www.artecover.de\/de\/wp-json\/wp\/v2\/users\/1"}],"replies":[{"embeddable":true,"href":"https:\/\/www.artecover.de\/de\/wp-json\/wp\/v2\/comments?post=1647"}],"version-history":[{"count":10,"href":"https:\/\/www.artecover.de\/de\/wp-json\/wp\/v2\/pages\/1647\/revisions"}],"predecessor-version":[{"id":1815,"href":"https:\/\/www.artecover.de\/de\/wp-json\/wp\/v2\/pages\/1647\/revisions\/1815"}],"wp:featuredmedia":[{"embeddable":true,"href":"https:\/\/www.artecover.de\/de\/wp-json\/wp\/v2\/media\/755"}],"wp:attachment":[{"href":"https:\/\/www.artecover.de\/de\/wp-json\/wp\/v2\/media?parent=1647"}],"curies":[{"name":"wp","href":"https:\/\/api.w.org\/{rel}","templated":true}]}}